{"id":27,"date":"2024-02-09T20:07:15","date_gmt":"2024-02-09T19:07:15","guid":{"rendered":"https:\/\/lime-innovation.com\/?post_type=product&#038;p=27"},"modified":"2025-10-30T09:49:51","modified_gmt":"2025-10-30T08:49:51","slug":"management-de-la-creativite","status":"publish","type":"product","link":"https:\/\/lime-innovation.com\/index.php\/product\/management-de-la-creativite\/","title":{"rendered":"management de la cr\u00e9ativit\u00e9"},"content":{"rendered":"<p class=\"s7\"><span class=\"s16\">L<\/span><span class=\"s16\">\u2019<\/span><span class=\"s16\">objectif de cette formation via ce webinaire est de<\/span><span class=\"s16\">\u00a0<\/span><span class=\"s16\">d<\/span><span class=\"s16\">\u00e9<\/span><span class=\"s16\">velopper <\/span><span class=\"s16\">la capaci<\/span><span class=\"s16\">t\u00e9<\/span><span class=\"s16\"> \u00e0 <\/span><span class=\"s16\">r<\/span><span class=\"s16\">\u00e9<\/span><span class=\"s16\">agir de mani<\/span><span class=\"s16\">\u00e8<\/span><span class=\"s16\">re cr<\/span><span class=\"s16\">\u00e9<\/span><span class=\"s16\">ative pour soi et dans tout type d<\/span><span class=\"s16\">\u2019<\/span><span class=\"s16\">organisation, dans un contexte de changement permanent,<\/span><span class=\"s16\"> o<\/span><span class=\"s16\">\u00f9 <\/span><span class=\"s16\">se diff<\/span><span class=\"s16\">\u00e9<\/span><span class=\"s16\">rencier est crucial. \u00a0La cr<\/span><span class=\"s16\">\u00e9<\/span><span class=\"s16\">ativit<\/span><span class=\"s16\">\u00e9 <\/span><span class=\"s16\">est un des moteurs de l<\/span><span class=\"s16\">\u2019<\/span><span class=\"s16\">innovation. Mais produire des id<\/span><span class=\"s16\">\u00e9<\/span><span class=\"s16\">es nouvelles ne s&rsquo;improvise pas.<\/span><\/p>\n<p class=\"s7\"><span class=\"s16\">Cette formation <\/span><span class=\"s17\">d<\/span><span class=\"s17\">\u00e9<\/span><span class=\"s17\">velopp<\/span><span class=\"s17\">\u00e9<\/span><span class=\"s17\">e pour <\/span><span class=\"s17\">\u00ea<\/span><span class=\"s17\">tre r<\/span><span class=\"s17\">\u00e9<\/span><span class=\"s17\">alis<\/span><span class=\"s17\">\u00e9<\/span><span class=\"s17\">e en distanciel<\/span><span class=\"s16\">, fournit quelques<\/span><span class=\"s16\"> m<\/span><span class=\"s16\">\u00e9<\/span><span class=\"s16\">thodes et techniques efficaces pour y parvenir. Un temps pr\u00e9cieux<\/span>\u00a0<span class=\"s16\">qui peut \u00eatre un pr<\/span><span class=\"s16\">\u00e9<\/span><span class=\"s16\">alable indispensable pour <\/span><span class=\"s16\">sensibiliser les <\/span><span class=\"s16\">\u00e9<\/span><span class=\"s16\">quipes innovation, marketing et R&amp;D, <\/span><span class=\"s16\">renforcer des expertises<\/span><span class=\"s16\">\u00a0<\/span><span class=\"s16\">individuelles et collectives en cr<\/span><span class=\"s16\">\u00e9<\/span><span class=\"s16\">ativit<\/span><span class=\"s16\">\u00e9<\/span><span class=\"s16\">. <\/span><span class=\"s16\">Cette formation leur permet de mettre en pratique les techniques de cr<\/span><span class=\"s16\">\u00e9<\/span><span class=\"s16\">ativit<\/span><span class=\"s16\">\u00e9<\/span><span class=\"s16\">, notamment lors <\/span><span class=\"s16\">de sessions <\/span><span class=\"s16\">programm<\/span><span class=\"s16\">\u00e9<\/span><span class=\"s16\">es avec les responsables de l<\/span><span class=\"s16\">\u2019<\/span><span class=\"s16\">entreprise et d<\/span><span class=\"s16\">\u2019<\/span><span class=\"s16\">autres collaborateurs.<\/span><\/p>\n<p class=\"s7\"><span class=\"s16\">L<\/span><span class=\"s16\">\u2019<\/span><span class=\"s16\">objectif principal est d<\/span><span class=\"s16\">\u2019\u00ea<\/span><span class=\"s16\">tre capable d<\/span><span class=\"s16\">\u2019<\/span><span class=\"s16\">int<\/span><span class=\"s16\">\u00e9<\/span><span class=\"s16\">grer des techniques de cr<\/span><span class=\"s16\">\u00e9<\/span><span class=\"s16\">ativit<\/span><span class=\"s16\">\u00e9 <\/span><span class=\"s16\">et d<\/span><span class=\"s16\">\u2019<\/span><span class=\"s16\">animer des sessions de cr<\/span><span class=\"s16\">\u00e9<\/span><span class=\"s16\">ativit<\/span><span class=\"s16\">\u00e9 <\/span><span class=\"s16\">au service d<\/span><span class=\"s16\">\u2019<\/span><span class=\"s16\">une d<\/span><span class=\"s16\">\u00e9<\/span><span class=\"s16\">marche de conception et d<\/span><span class=\"s16\">\u2019<\/span><span class=\"s16\">innovation.<\/span><\/p>\n<div class=\"s18\"><span class=\"s2\">&#8211; <\/span><span class=\"s16\">\u00ea<\/span><span class=\"s16\">tre capable de connaitre les principes de base d\u2019une session de cr\u00e9ativit\u00e9, comprendre et de mettre en \u0153uvre les diff\u00e9rentes m\u00e9thodes ou outils de cr\u00e9ativit\u00e9 en fonction des probl\u00e9matiques, comprendre la meilleure combinaison pour arriver au r\u00e9sultat<\/span><\/div>\n<div class=\"s18\"><span class=\"s16\">&#8211; \u00eatre capable de diverger et de converger vers une formulation de fiche id<\/span><span class=\"s16\">\u00e9<\/span><span class=\"s16\">es <\/span><\/div>\n<div class=\"s18\"><span class=\"s2\">&#8211; <\/span><span class=\"s16\">\u00ea<\/span><span class=\"s16\">tre<\/span><span class=\"s16\"> capable d<\/span><span class=\"s16\">\u2019<\/span><span class=\"s16\">animer un groupe et <\/span><span class=\"s17\">tout particuli<\/span><span class=\"s17\">\u00e8<\/span><span class=\"s17\">rement en distanciel<\/span><\/div>\n<div class=\"s18\"><span class=\"s2\">&#8211; <\/span><span class=\"s16\">se<\/span><span class=\"s16\"> former par l<\/span><span class=\"s16\">\u2019<\/span><span class=\"s16\">action et la mise en pratique<\/span><\/div>\n<div><\/div>\n<div>\n<p>&nbsp;<\/p>\n<p class=\"s7\"><span class=\"s19\">LE PROGRAMME\u00a0<\/span><\/p>\n<p class=\"s7\"><span class=\"s17\">Premier<\/span><span class=\"s17\"> temps<\/span><span class=\"s17\">\u00a0: une attitude, des d<\/span><span class=\"s17\">\u00e9<\/span><span class=\"s17\">marches intellectuelles, \u00a0le PAPSA<\/span><\/p>\n<p class=\"s7\"><span class=\"s17\">A- <\/span><span class=\"s16\">Introduction<\/span><span class=\"s16\">\u00a0:\u00a0<\/span><span class=\"s16\">la cr<\/span><span class=\"s16\">\u00e9<\/span><span class=\"s16\">ativit<\/span><span class=\"s16\">\u00e9 <\/span><span class=\"s16\">comme une aptitude, l<\/span><span class=\"s16\">es logiques de la cr<\/span><span class=\"s16\">\u00e9<\/span><span class=\"s16\">ativit<\/span><span class=\"s16\">\u00e9, l<\/span><span class=\"s16\">a cr<\/span><span class=\"s16\">\u00e9<\/span><span class=\"s16\">ativit<\/span><span class=\"s16\">\u00e9 \u00e0 <\/span><span class=\"s16\">plusieurs, l<\/span><span class=\"s16\">es 5 types de cr<\/span><span class=\"s16\">\u00e9<\/span><span class=\"s16\">ativit<\/span><span class=\"s16\">\u00e9 <\/span><span class=\"s16\">pour <\/span><span class=\"s16\">animer une session de cr<\/span><span class=\"s16\">\u00e9<\/span><span class=\"s16\">ativit<\/span><span class=\"s16\">\u00e9\u00a0 <\/span><\/p>\n<p class=\"s7\"><span class=\"s16\">B- Animer une session de cr<\/span><span class=\"s16\">\u00e9<\/span><span class=\"s16\">ativit<\/span><span class=\"s16\">\u00e9 :\u00a0<\/span><\/p>\n<div class=\"s22\"><span class=\"s21\">1. <\/span><span class=\"s16\">Panorama g<\/span><span class=\"s16\">\u00e9<\/span><span class=\"s16\">n<\/span><span class=\"s16\">\u00e9<\/span><span class=\"s16\">ral des <\/span><span class=\"s16\">\u00e9<\/span><span class=\"s16\">tapes pour animer des s<\/span><span class=\"s16\">\u00e9<\/span><span class=\"s16\">ances de cr<\/span><span class=\"s16\">\u00e9<\/span><span class=\"s16\">ativit<\/span><span class=\"s16\">\u00e9<\/span><\/div>\n<div class=\"s22\"><span class=\"s21\">2. <\/span><span class=\"s16\">Avant,<\/span><span class=\"s16\">\u00a0l<\/span><span class=\"s16\">\u2019<\/span><span class=\"s16\">organisation de la s<\/span><span class=\"s16\">\u00e9<\/span><span class=\"s16\">ance de cr<\/span><span class=\"s16\">\u00e9<\/span><span class=\"s16\">ativit<\/span><span class=\"s16\">\u00e9<\/span><span class=\"s16\"> : <\/span><span class=\"s16\">d<\/span><span class=\"s16\">\u00e9<\/span><span class=\"s16\">finition cr<\/span><span class=\"s16\">\u00e9<\/span><span class=\"s16\">ative du besoin, types de r<\/span><span class=\"s16\">\u00e9<\/span><span class=\"s16\">sultats <\/span><span class=\"s16\">attendus, <\/span><span class=\"s16\">s<\/span><span class=\"s16\">\u00e9<\/span><span class=\"s16\">lection des participants, identification et pr<\/span><span class=\"s16\">\u00e9<\/span><span class=\"s16\">sentation de quelques m<\/span><span class=\"s16\">\u00e9<\/span><span class=\"s16\">thodes cl<\/span><span class=\"s16\">\u00e9<\/span><span class=\"s16\">s ou fiche m<\/span><span class=\"s16\">\u00e9<\/span><span class=\"s16\">thode<\/span>\u200b<\/div>\n<div class=\"s22\"><span class=\"s21\">3. <\/span><span class=\"s16\">Pendant,<\/span><span class=\"s16\">\u00a0l<\/span><span class=\"s16\">\u2019<\/span><span class=\"s16\">animation de la session de cr<\/span><span class=\"s16\">\u00e9<\/span><span class=\"s16\">ativit<\/span><span class=\"s16\">\u00e9 :<\/span><span class=\"s16\"> m<\/span><span class=\"s16\">od<\/span><span class=\"s16\">\u00e8<\/span><span class=\"s16\">le de d<\/span><span class=\"s16\">\u00e9<\/span><span class=\"s16\">roul<\/span><span class=\"s16\">\u00e9 <\/span><span class=\"s16\">d<\/span><span class=\"s16\">\u2019<\/span><span class=\"s16\">une animation de s<\/span><span class=\"s16\">\u00e9<\/span><span class=\"s16\">ance <\/span><span class=\"s16\">\u00e0 <\/span><span class=\"s16\">la cr<\/span><span class=\"s16\">\u00e9<\/span><span class=\"s16\">ativit<\/span><span class=\"s16\">\u00e9<\/span><span class=\"s16\">, m<\/span><span class=\"s16\">od<\/span><span class=\"s16\">\u00e8<\/span><span class=\"s16\">le de d<\/span><span class=\"s16\">\u00e9<\/span><span class=\"s16\">roul<\/span><span class=\"s16\">\u00e9 <\/span><span class=\"s16\">d<\/span><span class=\"s16\">\u2019<\/span><span class=\"s16\">une animati<\/span><span class=\"s16\">on de s<\/span><span class=\"s16\">\u00e9<\/span><span class=\"s16\">ance <\/span><span class=\"s16\">\u00e0 <\/span><span class=\"s16\">la cr<\/span><span class=\"s16\">\u00e9<\/span><span class=\"s16\">ativit<\/span><span class=\"s16\">\u00e9 <\/span><span class=\"s16\">en pr<\/span><span class=\"s16\">\u00e9<\/span><span class=\"s16\">sentiel, attitudes de l<\/span><span class=\"s16\">\u2019<\/span><span class=\"s16\">animateur pour bien animer une s<\/span><span class=\"s16\">\u00e9<\/span><span class=\"s16\">ance de <\/span><span class=\"s16\">cr<\/span><span class=\"s16\">\u00e9<\/span><span class=\"s16\">ativit<\/span><span class=\"s16\">\u00e9<\/span><span class=\"s16\">, c<\/span><span class=\"s16\">oncr<\/span><span class=\"s16\">\u00e9<\/span><span class=\"s16\">tiser les id<\/span><span class=\"s16\">\u00e9<\/span><span class=\"s16\">es<\/span><span class=\"s16\">, s<\/span><span class=\"s16\">\u00e9<\/span><span class=\"s16\">lectionner et <\/span><span class=\"s16\">\u00e9<\/span><span class=\"s16\">valuer les id<\/span><span class=\"s16\">\u00e9<\/span><span class=\"s16\">es<\/span><span class=\"s16\">, faire <\/span><span class=\"s16\">\u00e9<\/span><span class=\"s16\">valuer votre s<\/span><span class=\"s16\">\u00e9<\/span><span class=\"s16\">ance de cr<\/span><span class=\"s16\">\u00e9<\/span><span class=\"s16\">ativit<\/span><span class=\"s16\">\u00e9 <\/span><span class=\"s16\">par les participants<\/span><span class=\"s16\">\u2026<\/span><\/div>\n<div class=\"s22\"><span class=\"s21\">4. <\/span><span class=\"s16\">Apr<\/span><span class=\"s16\">\u00e8<\/span><span class=\"s16\">s,<\/span><span class=\"s16\">\u00a0<\/span><span class=\"s16\">valorisation des id<\/span><span class=\"s16\">\u00e9<\/span><span class=\"s16\">es et des participants : remise en forme et synth<\/span><span class=\"s16\">\u00e8<\/span><span class=\"s16\">se des <\/span><span class=\"s16\">\u00e9<\/span><span class=\"s16\">changes, diffuser et communiquer sur la s<\/span><span class=\"s16\">\u00e9<\/span><span class=\"s16\">ance<\/span><\/div>\n<p>&nbsp;<\/p>\n<p class=\"s7\"><span class=\"s17\">Deuxi<\/span><span class=\"s17\">\u00e8<\/span><span class=\"s17\">me temps<\/span><span class=\"s17\">\u00a0: quelques techniques, la pratique, les r<\/span><span class=\"s17\">\u00e8<\/span><span class=\"s17\">gles de fonctionnement en Visio, le d<\/span><span class=\"s17\">\u00e9<\/span><span class=\"s17\">roul<\/span><span class=\"s17\">\u00e9<\/span><\/p>\n<p class=\"s7\"><span class=\"s16\">Animer une session en <\/span><span class=\"s17\">distanciel<\/span><span class=\"s17\"> :\u00a0<\/span><\/p>\n<div class=\"s22\"><span class=\"s21\">5. <\/span><span class=\"s16\">Panorama g<\/span><span class=\"s16\">\u00e9<\/span><span class=\"s16\">n<\/span><span class=\"s16\">\u00e9<\/span><span class=\"s16\">ral des <\/span><span class=\"s16\">\u00e9<\/span><span class=\"s16\">tapes pour animer des s<\/span><span class=\"s16\">\u00e9<\/span><span class=\"s16\">ances de cr<\/span><span class=\"s16\">\u00e9<\/span><span class=\"s16\">ativit<\/span><span class=\"s16\">\u00e9<\/span><\/div>\n<div class=\"s22\"><span class=\"s21\">6. <\/span><span class=\"s16\">Avant,<\/span><span class=\"s16\">\u00a0l<\/span><span class=\"s16\">\u2019<\/span><span class=\"s16\">organisation de la s<\/span><span class=\"s16\">\u00e9<\/span><span class=\"s16\">ance de <\/span><span class=\"s16\">cr<\/span><span class=\"s16\">\u00e9<\/span><span class=\"s16\">ativit<\/span><span class=\"s16\">\u00e9 :<\/span><span class=\"s16\">\u00a0<\/span><span class=\"s16\">d<\/span><span class=\"s16\">\u00e9<\/span><span class=\"s16\">finition<\/span><span class=\"s16\"> cr<\/span><span class=\"s16\">\u00e9<\/span><span class=\"s16\">ative du besoin, types de r<\/span><span class=\"s16\">\u00e9<\/span><span class=\"s16\">sultats attendus, <\/span><span class=\"s16\">s<\/span><span class=\"s16\">\u00e9<\/span><span class=\"s16\">lection des participants, identification e<\/span><span class=\"s16\">t pr<\/span><span class=\"s16\">\u00e9<\/span><span class=\"s16\">sentation de quelques m<\/span><span class=\"s16\">\u00e9<\/span><span class=\"s16\">thodes cl<\/span><span class=\"s16\">\u00e9<\/span><span class=\"s16\">s ou fiche m<\/span><span class=\"s16\">\u00e9<\/span><span class=\"s16\">thode<\/span>\u200b<\/div>\n<div class=\"s22\"><span class=\"s21\">7. <\/span><span class=\"s16\">Pendant,<\/span><span class=\"s16\">\u00a0animation de la session de cr<\/span><span class=\"s16\">\u00e9<\/span><span class=\"s16\">ativit<\/span><span class=\"s16\">\u00e9<\/span><span class=\"s16\"> : m<\/span><span class=\"s16\">od<\/span><span class=\"s16\">\u00e8<\/span><span class=\"s16\">le de d<\/span><span class=\"s16\">\u00e9<\/span><span class=\"s16\">roul<\/span><span class=\"s16\">\u00e9 <\/span><span class=\"s16\">d<\/span><span class=\"s16\">\u2019<\/span><span class=\"s16\">une animation de s<\/span><span class=\"s16\">\u00e9<\/span><span class=\"s16\">ance <\/span><span class=\"s16\">\u00e0 <\/span><span class=\"s16\">la cr<\/span><span class=\"s16\">\u00e9<\/span><span class=\"s16\">ativit<\/span><span class=\"s16\">\u00e9<\/span><span class=\"s16\">, attitudes de l<\/span><span class=\"s16\">\u2019<\/span><span class=\"s16\">animateur pour bien animer une s<\/span><span class=\"s16\">\u00e9<\/span><span class=\"s16\">ance de <\/span><span class=\"s16\">cr<\/span><span class=\"s16\">\u00e9<\/span><span class=\"s16\">ativit<\/span><span class=\"s16\">\u00e9<\/span><span class=\"s16\">, <\/span><span class=\"s16\">c<\/span><span class=\"s16\">oncr<\/span><span class=\"s16\">\u00e9<\/span><span class=\"s16\">tiser<\/span> <span class=\"s16\">les id<\/span><span class=\"s16\">\u00e9<\/span><span class=\"s16\">es<\/span><span class=\"s16\">, s<\/span><span class=\"s16\">\u00e9<\/span><span class=\"s16\">lectionner et <\/span><span class=\"s16\">\u00e9<\/span><span class=\"s16\">valuer les id<\/span><span class=\"s16\">\u00e9<\/span><span class=\"s16\">es<\/span><span class=\"s16\">, faire<\/span><span class=\"s16\">\u00e9<\/span><span class=\"s16\">valuer votre s<\/span><span class=\"s16\">\u00e9<\/span><span class=\"s16\">ance de cr<\/span><span class=\"s16\">\u00e9<\/span><span class=\"s16\">ativit<\/span><span class=\"s16\">\u00e9 <\/span><span class=\"s16\">par les participants<\/span><\/div>\n<div class=\"s22\"><span class=\"s21\">8. <\/span><span class=\"s16\">Apr<\/span><span class=\"s16\">\u00e8<\/span><span class=\"s16\">s, <\/span><span class=\"s16\">\u00a0valorisation des id<\/span><span class=\"s16\">\u00e9<\/span><span class=\"s16\">es et des <\/span><span class=\"s16\">participants :<\/span> <span class=\"s16\">r<\/span><span class=\"s16\">\u00e9\u00e9<\/span><span class=\"s16\">valuer les id<\/span><span class=\"s16\">\u00e9<\/span><span class=\"s16\">e<\/span><span class=\"s16\">s; diffuser et communiquer sur la s<\/span><span class=\"s16\">\u00e9<\/span><span class=\"s16\">ance<\/span><\/div>\n<\/div>\n<div><\/div>\n<div>\n<p>&nbsp;<\/p>\n<p class=\"s7\"><span class=\"s19\">Un SUIVI<\/span><span class=\"s19\"> individuel en option pour \u00a0la mise en pratique : <\/span><\/p>\n<p class=\"s7\"><span class=\"s16\">Vous souhaitez mettre en <\/span><span class=\"s16\">\u0153<\/span><span class=\"s16\">uvre et animer votre session de cr\u00e9ativit\u00e9 avec votre <\/span><span class=\"s16\">\u00e9<\/span><span class=\"s16\">quipe innovation, marketing et R&amp;D, <\/span><span class=\"s16\">prendre la pleine dimension de l<\/span><span class=\"s16\">\u2019<\/span><span class=\"s16\">animation de sessions de cr<\/span><span class=\"s16\">\u00e9<\/span><span class=\"s16\">ativit<\/span><span class=\"s16\">\u00e9<\/span><span class=\"s16\">. Dans le but d<\/span><span class=\"s16\">\u2019<\/span><span class=\"s16\">am<\/span><span class=\"s16\">\u00e9<\/span><span class=\"s16\">liorer et d<\/span><span class=\"s16\">\u2019<\/span><span class=\"s16\">optimiser \u00a0votre <\/span><span class=\"s16\">efficacit<\/span><span class=\"s16\">\u00e9<\/span> <span class=\"s16\">\u00a0en animation<\/span><span class=\"s16\">, nous<\/span><span class=\"s16\"> vous proposons de travailler avec<\/span> vous\u00a0<span class=\"s16\">\u00a0afin de : <\/span><\/p>\n<div class=\"s18\"><span class=\"s2\">&#8211; vous <\/span><span class=\"s16\">aider<\/span> <span class=\"s16\">\u00e0 <\/span><span class=\"s16\">pr<\/span><span class=\"s16\">\u00e9<\/span><span class=\"s16\">par<\/span><span class=\"s16\">er<\/span> <span class=\"s16\">le d<\/span><span class=\"s16\">\u00e9<\/span><span class=\"s16\">roul<\/span><span class=\"s16\">\u00e9 <\/span><span class=\"s16\">d<\/span><span class=\"s16\">\u2019<\/span><span class=\"s16\">une<\/span><span class=\"s16\"> session<\/span><span class=\"s16\"> op<\/span><span class=\"s16\">\u00e9<\/span><span class=\"s16\">rationnelle<\/span><\/div>\n<div class=\"s18\"><span class=\"s2\">&#8211; vous<\/span><span class=\"s16\"> soutenir dans la mise en <\/span><span class=\"s16\">oeuvre<\/span><span class=\"s16\"> de cette premi<\/span><span class=\"s16\">\u00e8<\/span><span class=\"s16\">re session<\/span><\/div>\n<div class=\"s18\"><span class=\"s2\">&#8211; vous <\/span><span class=\"s16\">permettre<\/span><span class=\"s16\"> un<\/span> <span class=\"s16\">d<\/span><span class=\"s16\">\u00e9<\/span><span class=\"s16\">briefing, vous<\/span><span class=\"s16\">\u00a0aider<\/span> <span class=\"s16\">\u00e0<\/span> <span class=\"s16\">s<\/span><span class=\"s16\">\u00e9<\/span><span class=\"s16\">lectionner<\/span><span class=\"s16\"> et <\/span><span class=\"s16\">valoris<\/span><span class=\"s16\">er les r<\/span><span class=\"s16\">\u00e9<\/span><span class=\"s16\">sultat<\/span><span class=\"s16\">s obtenus<\/span><\/div>\n<\/div>\n<div><\/div>\n<div><\/div>\n<div><\/div>\n<div>Cr\u00e9dit photo : Jess Bailey designs (Pexels image libre de droits)<\/div>\n","protected":false},"excerpt":{"rendered":"<p>webinaire du 22 mai 2026 \u00a0\u00e0 14:00<\/p>\n<p class=\"s7\"><span class=\"s16\">Cette formation via ce webinaire<\/span><span class=\"s16\">\u00a0fournit quelques<\/span><span class=\"s16\"> m<\/span><span class=\"s16\">\u00e9<\/span><span class=\"s16\">thodes et techniques efficaces pour mettre en pratique les techniques de cr\u00e9ativit\u00e9 lors de sessions organis\u00e9es par <\/span><span class=\"s16\">les <\/span><span class=\"s16\">\u00e9<\/span><span class=\"s16\">quipes innovation, marketing et R&amp;D. Elle permet de <\/span><span class=\"s16\">renforcer vos expertises <\/span><span class=\"s16\">individuelles et collectives en cr<\/span><span class=\"s16\">\u00e9<\/span><span class=\"s16\">ativit<\/span><span class=\"s16\">\u00e9<\/span><span class=\"s16\">.\u00a0<\/span><\/p>\n","protected":false},"featured_media":18,"comment_status":"open","ping_status":"closed","template":"","meta":{"om_disable_all_campaigns":false,"_monsterinsights_skip_tracking":false,"_monsterinsights_sitenote_active":false,"_monsterinsights_sitenote_note":"","_monsterinsights_sitenote_category":0,"neve_meta_sidebar":"","neve_meta_container":"","neve_meta_enable_content_width":"off","neve_meta_content_width":100,"neve_meta_title_alignment":"","neve_meta_author_avatar":"","neve_post_elements_order":"","neve_meta_disable_header":"","neve_meta_disable_footer":"","neve_meta_disable_title":""},"product_brand":[],"product_cat":[23,22],"product_tag":[],"class_list":{"0":"post-27","1":"product","2":"type-product","3":"status-publish","4":"has-post-thumbnail","6":"product_cat-innovation-rd","7":"product_cat-management","9":"first","10":"instock","11":"virtual","12":"taxable","13":"purchasable","14":"product-type-simple"},"aioseo_notices":[],"jetpack_sharing_enabled":true,"_links":{"self":[{"href":"https:\/\/lime-innovation.com\/index.php\/wp-json\/wp\/v2\/product\/27","targetHints":{"allow":["GET"]}}],"collection":[{"href":"https:\/\/lime-innovation.com\/index.php\/wp-json\/wp\/v2\/product"}],"about":[{"href":"https:\/\/lime-innovation.com\/index.php\/wp-json\/wp\/v2\/types\/product"}],"replies":[{"embeddable":true,"href":"https:\/\/lime-innovation.com\/index.php\/wp-json\/wp\/v2\/comments?post=27"}],"wp:featuredmedia":[{"embeddable":true,"href":"https:\/\/lime-innovation.com\/index.php\/wp-json\/wp\/v2\/media\/18"}],"wp:attachment":[{"href":"https:\/\/lime-innovation.com\/index.php\/wp-json\/wp\/v2\/media?parent=27"}],"wp:term":[{"taxonomy":"product_brand","embeddable":true,"href":"https:\/\/lime-innovation.com\/index.php\/wp-json\/wp\/v2\/product_brand?post=27"},{"taxonomy":"product_cat","embeddable":true,"href":"https:\/\/lime-innovation.com\/index.php\/wp-json\/wp\/v2\/product_cat?post=27"},{"taxonomy":"product_tag","embeddable":true,"href":"https:\/\/lime-innovation.com\/index.php\/wp-json\/wp\/v2\/product_tag?post=27"}],"curies":[{"name":"wp","href":"https:\/\/api.w.org\/{rel}","templated":true}]}}