{"id":28,"date":"2024-02-09T20:07:31","date_gmt":"2024-02-09T19:07:31","guid":{"rendered":"https:\/\/lime-innovation.com\/?post_type=product&#038;p=28"},"modified":"2025-06-08T18:12:58","modified_gmt":"2025-06-08T16:12:58","slug":"pilotage-de-la-rd","status":"publish","type":"product","link":"https:\/\/lime-innovation.com\/index.php\/product\/pilotage-de-la-rd\/","title":{"rendered":"pilotage de la R&#038;D : quels KPI pour la R&#038;D ?"},"content":{"rendered":"<p>Diriger la R&amp;D c&rsquo;est manager des activit\u00e9s tr\u00e8s diff\u00e9rentes regroup\u00e9es dans une seule fonction, mener des projets \u00e0 des \u00e9ch\u00e9ances rapides, r\u00e9pondre \u00e0 la demande d\u2019innovation et d\u2019\u00e9volution constante. \u00a0Mesurer et piloter la performance de la R&amp;D passent souvent \u00a0au second plan alors qu&rsquo;il s&rsquo;agit d&rsquo;activit\u00e9s cl\u00e9 dans la gestion de l\u2019innovation.<\/p>\n<p>Piloter vos activit\u00e9s, pour que votre R&amp;D soit un r\u00e9el levier strat\u00e9gique pour la performance de l\u2019entreprise.<\/p>\n<p>&nbsp;<\/p>\n<p>&nbsp;<\/p>\n<p>webinaire pilotage de la R&amp;D, le 12 juin 2026 de 14:00 \u00e0 17:30<\/p>\n<p>&nbsp;<\/p>\n<p>&nbsp;<\/p>\n<p>&nbsp;<\/p>\n<p>&nbsp;<\/p>\n<p>&nbsp;<\/p>\n<p>&nbsp;<\/p>\n<p>cr\u00e9dit photo : Catherine Sheila (Pexels, image libre de droits)<\/p>\n","protected":false},"excerpt":{"rendered":"<p>Quels KPI pour la R&amp;D ? D\u00e9finir les fondamentaux du pilotage de la R&amp;D et les missions de la R&amp;D, identifier les leviers organisationnels, les types d\u2019expertises, m\u00e9tiers et savoir-faire disponibles et manquants, identifier des leviers d\u2019actions pour valoriser la R&amp;D en interne, b\u00e2tir un tableau de bord avec des indicateurs adapt\u00e9s.<\/p>\n<p>webinaire pilotage de la R&amp;D, le 12 juin 2026 de 14:00 \u00e0 17:30<\/p>\n<p>&nbsp;<\/p>\n","protected":false},"featured_media":36,"comment_status":"open","ping_status":"closed","template":"","meta":{"om_disable_all_campaigns":false,"_monsterinsights_skip_tracking":false,"_monsterinsights_sitenote_active":false,"_monsterinsights_sitenote_note":"","_monsterinsights_sitenote_category":0,"neve_meta_sidebar":"","neve_meta_container":"","neve_meta_enable_content_width":"off","neve_meta_content_width":100,"neve_meta_title_alignment":"","neve_meta_author_avatar":"","neve_post_elements_order":"","neve_meta_disable_header":"","neve_meta_disable_footer":"","neve_meta_disable_title":""},"product_brand":[],"product_cat":[23],"product_tag":[],"class_list":{"0":"post-28","1":"product","2":"type-product","3":"status-publish","4":"has-post-thumbnail","6":"product_cat-innovation-rd","8":"first","9":"instock","10":"virtual","11":"taxable","12":"purchasable","13":"product-type-simple"},"aioseo_notices":[],"jetpack_sharing_enabled":true,"_links":{"self":[{"href":"https:\/\/lime-innovation.com\/index.php\/wp-json\/wp\/v2\/product\/28","targetHints":{"allow":["GET"]}}],"collection":[{"href":"https:\/\/lime-innovation.com\/index.php\/wp-json\/wp\/v2\/product"}],"about":[{"href":"https:\/\/lime-innovation.com\/index.php\/wp-json\/wp\/v2\/types\/product"}],"replies":[{"embeddable":true,"href":"https:\/\/lime-innovation.com\/index.php\/wp-json\/wp\/v2\/comments?post=28"}],"wp:featuredmedia":[{"embeddable":true,"href":"https:\/\/lime-innovation.com\/index.php\/wp-json\/wp\/v2\/media\/36"}],"wp:attachment":[{"href":"https:\/\/lime-innovation.com\/index.php\/wp-json\/wp\/v2\/media?parent=28"}],"wp:term":[{"taxonomy":"product_brand","embeddable":true,"href":"https:\/\/lime-innovation.com\/index.php\/wp-json\/wp\/v2\/product_brand?post=28"},{"taxonomy":"product_cat","embeddable":true,"href":"https:\/\/lime-innovation.com\/index.php\/wp-json\/wp\/v2\/product_cat?post=28"},{"taxonomy":"product_tag","embeddable":true,"href":"https:\/\/lime-innovation.com\/index.php\/wp-json\/wp\/v2\/product_tag?post=28"}],"curies":[{"name":"wp","href":"https:\/\/api.w.org\/{rel}","templated":true}]}}