{"id":66,"date":"2024-02-23T15:16:58","date_gmt":"2024-02-23T14:16:58","guid":{"rendered":"https:\/\/lime-innovation.com\/?post_type=product&#038;p=66"},"modified":"2026-01-15T15:13:03","modified_gmt":"2026-01-15T14:13:03","slug":"evaluation-de-la-qualite-de-service","status":"publish","type":"product","link":"https:\/\/lime-innovation.com\/index.php\/product\/evaluation-de-la-qualite-de-service\/","title":{"rendered":"\u00e9valuation de la qualit\u00e9 de service"},"content":{"rendered":"<p>webinaire \u00e9valuation de la qualit\u00e9 de service : 3 juillet 2026 14:00<\/p>\n<p>&nbsp;<\/p>\n<p>&nbsp;<\/p>\n<p>&nbsp;<\/p>\n<p>&nbsp;<\/p>\n<p>&nbsp;<\/p>\n<p>&nbsp;<\/p>\n<p>cr\u00e9dit photo : Towfiqu Barbhuiya (Pexels libre de droits)<\/p>\n","protected":false},"excerpt":{"rendered":"<p>webinaire \u00e9valuation de la qualit\u00e9 de service : 3 juillet 2026 14:00 &nbsp; &nbsp; &nbsp; &nbsp; &nbsp; &nbsp; cr\u00e9dit photo : Towfiqu Barbhuiya (Pexels libre de droits)<\/p>\n","protected":false},"featured_media":67,"comment_status":"open","ping_status":"closed","template":"","meta":{"om_disable_all_campaigns":false,"_monsterinsights_skip_tracking":false,"_monsterinsights_sitenote_active":false,"_monsterinsights_sitenote_note":"","_monsterinsights_sitenote_category":0,"neve_meta_sidebar":"","neve_meta_container":"","neve_meta_enable_content_width":"off","neve_meta_content_width":100,"neve_meta_title_alignment":"","neve_meta_author_avatar":"","neve_post_elements_order":"","neve_meta_disable_header":"","neve_meta_disable_footer":"","neve_meta_disable_title":""},"product_brand":[],"product_cat":[22,21],"product_tag":[],"class_list":{"0":"post-66","1":"product","2":"type-product","3":"status-publish","4":"has-post-thumbnail","6":"product_cat-management","7":"product_cat-marketing","9":"first","10":"instock","11":"taxable","12":"shipping-taxable","13":"purchasable","14":"product-type-simple"},"aioseo_notices":[],"jetpack_sharing_enabled":true,"_links":{"self":[{"href":"https:\/\/lime-innovation.com\/index.php\/wp-json\/wp\/v2\/product\/66","targetHints":{"allow":["GET"]}}],"collection":[{"href":"https:\/\/lime-innovation.com\/index.php\/wp-json\/wp\/v2\/product"}],"about":[{"href":"https:\/\/lime-innovation.com\/index.php\/wp-json\/wp\/v2\/types\/product"}],"replies":[{"embeddable":true,"href":"https:\/\/lime-innovation.com\/index.php\/wp-json\/wp\/v2\/comments?post=66"}],"wp:featuredmedia":[{"embeddable":true,"href":"https:\/\/lime-innovation.com\/index.php\/wp-json\/wp\/v2\/media\/67"}],"wp:attachment":[{"href":"https:\/\/lime-innovation.com\/index.php\/wp-json\/wp\/v2\/media?parent=66"}],"wp:term":[{"taxonomy":"product_brand","embeddable":true,"href":"https:\/\/lime-innovation.com\/index.php\/wp-json\/wp\/v2\/product_brand?post=66"},{"taxonomy":"product_cat","embeddable":true,"href":"https:\/\/lime-innovation.com\/index.php\/wp-json\/wp\/v2\/product_cat?post=66"},{"taxonomy":"product_tag","embeddable":true,"href":"https:\/\/lime-innovation.com\/index.php\/wp-json\/wp\/v2\/product_tag?post=66"}],"curies":[{"name":"wp","href":"https:\/\/api.w.org\/{rel}","templated":true}]}}