{"id":82,"date":"2024-02-23T16:58:58","date_gmt":"2024-02-23T15:58:58","guid":{"rendered":"https:\/\/lime-innovation.com\/?post_type=product&#038;p=82"},"modified":"2026-02-06T17:27:55","modified_gmt":"2026-02-06T16:27:55","slug":"prendre-des-decisions-ethiques-dans-les-entreprises-alimentaires","status":"publish","type":"product","link":"https:\/\/lime-innovation.com\/index.php\/product\/prendre-des-decisions-ethiques-dans-les-entreprises-alimentaires\/","title":{"rendered":"prendre des d\u00e9cisions \u00e9thiques dans les entreprises alimentaires"},"content":{"rendered":"<p>webinaire prendre des d\u00e9cisions \u00e9thiques dans les entreprises alimentaires : 19 f\u00e9vrier 2027 14:00<\/p>\n<p>&nbsp;<\/p>\n<p>&nbsp;<\/p>\n<p>&nbsp;<\/p>\n<p>&nbsp;<\/p>\n<p>cr\u00e9dit photo : Google Deepmind (Pexels, libre de droits)<\/p>\n","protected":false},"excerpt":{"rendered":"<p>webinaire prendre des d\u00e9cisions \u00e9thiques dans les entreprises alimentaires : 19 f\u00e9vrier 2027 14:00 &nbsp; &nbsp; &nbsp; &nbsp; cr\u00e9dit photo : Google Deepmind (Pexels, libre de droits)<\/p>\n","protected":false},"featured_media":84,"comment_status":"open","ping_status":"closed","template":"","meta":{"om_disable_all_campaigns":false,"_monsterinsights_skip_tracking":false,"_monsterinsights_sitenote_active":false,"_monsterinsights_sitenote_note":"","_monsterinsights_sitenote_category":0,"neve_meta_sidebar":"","neve_meta_container":"","neve_meta_enable_content_width":"off","neve_meta_content_width":100,"neve_meta_title_alignment":"","neve_meta_author_avatar":"","neve_post_elements_order":"","neve_meta_disable_header":"","neve_meta_disable_footer":"","neve_meta_disable_title":""},"product_brand":[],"product_cat":[22],"product_tag":[],"class_list":{"0":"post-82","1":"product","2":"type-product","3":"status-publish","4":"has-post-thumbnail","6":"product_cat-management","8":"first","9":"instock","10":"taxable","11":"shipping-taxable","12":"purchasable","13":"product-type-simple"},"aioseo_notices":[],"jetpack_sharing_enabled":true,"_links":{"self":[{"href":"https:\/\/lime-innovation.com\/index.php\/wp-json\/wp\/v2\/product\/82","targetHints":{"allow":["GET"]}}],"collection":[{"href":"https:\/\/lime-innovation.com\/index.php\/wp-json\/wp\/v2\/product"}],"about":[{"href":"https:\/\/lime-innovation.com\/index.php\/wp-json\/wp\/v2\/types\/product"}],"replies":[{"embeddable":true,"href":"https:\/\/lime-innovation.com\/index.php\/wp-json\/wp\/v2\/comments?post=82"}],"wp:featuredmedia":[{"embeddable":true,"href":"https:\/\/lime-innovation.com\/index.php\/wp-json\/wp\/v2\/media\/84"}],"wp:attachment":[{"href":"https:\/\/lime-innovation.com\/index.php\/wp-json\/wp\/v2\/media?parent=82"}],"wp:term":[{"taxonomy":"product_brand","embeddable":true,"href":"https:\/\/lime-innovation.com\/index.php\/wp-json\/wp\/v2\/product_brand?post=82"},{"taxonomy":"product_cat","embeddable":true,"href":"https:\/\/lime-innovation.com\/index.php\/wp-json\/wp\/v2\/product_cat?post=82"},{"taxonomy":"product_tag","embeddable":true,"href":"https:\/\/lime-innovation.com\/index.php\/wp-json\/wp\/v2\/product_tag?post=82"}],"curies":[{"name":"wp","href":"https:\/\/api.w.org\/{rel}","templated":true}]}}